{"id":12,"date":"2019-07-10T21:44:20","date_gmt":"2019-07-10T19:44:20","guid":{"rendered":"http:\/\/theater.meteobridel.lu\/?page_id=12"},"modified":"2019-07-14T11:35:43","modified_gmt":"2019-07-14T09:35:43","slug":"geschicht","status":"publish","type":"page","link":"https:\/\/kaerjenger-theater.lu\/?page_id=12","title":{"rendered":"Geschicht"},"content":{"rendered":"\n<h2 class=\"wp-block-heading\"><\/h2>\n\n\n\n<p>Et w\u00f4r \u00e9m\u00f4l\u2026\u2026.<\/p>\n\n\n\n<p>\u2026\u2026\u2026.Am Joer 2001,haat den Claude Frankard d\u2019Iddee fir en Theaterverein zu K\u00e4erj\u00e9ng ze gr\u00ebnnen, an zwar matt deenen selwechten Leit d\u00e9i bis dato \u00ebmmer matt d\u00ebrbei waren, wann zu Uewerk\u00e4erj\u00e9ng den traditionellen Kr\u00ebschttheater gespillt gin ass. Dass daat am Ufank n\u00ebt alles esou einfach iwert d\u2019B\u00fchn gaangen ass, war jo evident, well do gouf verschidden Leit op eemol bewosst, wann se do g\u00e9ifen matmaachen dass daat eppes ganz aneschter\u2019s g\u00e9if gin w\u00e9i bis ewell.<\/p>\n\n\n\n<p>D\u00e9i eng sin vun der Idde ofgesprongen, aanerer hun se awer voll \u00ebnnerst\u00ebtzt, an esou koum et dann den 13. Oktober 2002 zu enger \u00e9ischter Entrevue t\u00ebschent dem Claude Frankard, Henri Thill an Marc Gengler fir deen Projet \u201eTheaterverein\u201e &nbsp;ze lanc\u00e9ieren. Den 26. November 2002 goufen d\u2019Statuten vun engem provisoreschen Komitee am Restaurant Hong-Kong zu Nidderk\u00e4erj\u00e9ng \u00ebnnerschriwen an den Daag drop an der Gemeng erangereescht. Den \u201eK\u00c4ERJENGER &#8211; THEATER\u201c war gebuer, an ass zanter deem aus dem kulturellen Liewen vun der Gemeng K\u00e4erj\u00e9ng n\u00ebt m\u00e9i ewechzedenken.<\/p>\n\n\n\n<p>Matt den Joeren, koumen emmer emol nei Memberen derbei, et sin der och fortgaangen, waat an engem Verein nie ausbleift. Niewent dem Fr\u00e9ijoers Theater deen emmer am M\u00e4erz gespillt gett, gett et dann och ewell den &nbsp;Hierscht-Theater am November. Sou ass aus enger flotter zesummengew\u00fcrfelter \u00c9quipe,&nbsp; en richtegt agespilltent Team enstaanen, waat alt emol duerch en neien Akteur oder Aktrice \u00ebmmer erem opgestockt gouf.<\/p>\n\n\n\n<p>Theaterspillen ass iwrigens eng vun den \u00e9ischten Kommunikatiounsformen d\u00e9i de M\u00ebnsch h\u00e2t. Hien huet sengen Mattm\u00ebnschen d\u00e2t Erliewtent nogespillt. Duerch d\u00e9i modern Medi\u2019en ass de M\u00ebnsch vun haut vill m\u00e9i verwinnt, awer och m\u00e9i kritesch gin, an den Akteur op der B\u00fchn kann sech net m\u00e9i erl\u00e2ben s\u00e9i Publikum ze ver\u00e4ppelen.<\/p>\n\n\n\n<p>Haut ass den Theater eng s\u00e9ri\u00f6 Konscht, an den Ensembel vum \u201e K\u00e4rjenger Theater\u201c mecht sech zanter m\u00e9i w\u00e9i 10 J\u00f6er eng Ei\u2019er an eng Freed draus s\u00e9i Publikum un d\u2019L\u00e2chen ze br\u00e9ngen an esou \u00e9 Freedent\u00f6ppelchen an d\u00e2t eescht Liewen ze setzen.<\/p>\n\n\n\n<p>Claude Frankard &amp; Henri Thill<\/p>\n\n\n\n<p><\/p>\n","protected":false},"excerpt":{"rendered":"<p>Et w\u00f4r \u00e9m\u00f4l\u2026\u2026. \u2026\u2026\u2026.Am Joer 2001,haat den Claude Frankard d\u2019Iddee fir en Theaterverein zu K\u00e4erj\u00e9ng ze gr\u00ebnnen, an zwar matt deenen selwechten Leit d\u00e9i bis dato \u00ebmmer matt d\u00ebrbei waren, wann zu Uewerk\u00e4erj\u00e9ng den traditionellen Kr\u00ebschttheater gespillt gin ass. Dass<\/p>\n","protected":false},"author":1,"featured_media":0,"parent":0,"menu_order":0,"comment_status":"closed","ping_status":"closed","template":"","meta":{"footnotes":""},"class_list":["post-12","page","type-page","status-publish","hentry"],"_links":{"self":[{"href":"https:\/\/kaerjenger-theater.lu\/index.php?rest_route=\/wp\/v2\/pages\/12","targetHints":{"allow":["GET"]}}],"collection":[{"href":"https:\/\/kaerjenger-theater.lu\/index.php?rest_route=\/wp\/v2\/pages"}],"about":[{"href":"https:\/\/kaerjenger-theater.lu\/index.php?rest_route=\/wp\/v2\/types\/page"}],"author":[{"embeddable":true,"href":"https:\/\/kaerjenger-theater.lu\/index.php?rest_route=\/wp\/v2\/users\/1"}],"replies":[{"embeddable":true,"href":"https:\/\/kaerjenger-theater.lu\/index.php?rest_route=%2Fwp%2Fv2%2Fcomments&post=12"}],"version-history":[{"count":0,"href":"https:\/\/kaerjenger-theater.lu\/index.php?rest_route=\/wp\/v2\/pages\/12\/revisions"}],"wp:attachment":[{"href":"https:\/\/kaerjenger-theater.lu\/index.php?rest_route=%2Fwp%2Fv2%2Fmedia&parent=12"}],"curies":[{"name":"wp","href":"https:\/\/api.w.org\/{rel}","templated":true}]}}